{"id":191,"date":"2026-03-30T12:46:21","date_gmt":"2026-03-30T12:46:21","guid":{"rendered":"https:\/\/eduardomarques.eti.br\/site\/?page_id=191"},"modified":"2026-04-24T11:41:45","modified_gmt":"2026-04-24T11:41:45","slug":"bem-vindo-2","status":"publish","type":"page","link":"https:\/\/eduardomarques.eti.br\/site\/","title":{"rendered":"Bem vindo"},"content":{"rendered":"\n<h1 class=\"wp-block-heading\"><\/h1>\n\n\n\n<p id=\"block-2dabeb34-3621-4803-8cd0-3c7997355081\">Ol\u00e1. Me chamo Luiz Eduardo. Seja bem vindo ao meu website (me senti bem anos 90-2000). Pretendo utilizar esse espa\u00e7o como um curr\u00edculo online. Aqui posso contar um pouco das minhas experi\u00eancias profissionais, dos meus estudos, dos meus projetos e conquistas, etc. Espero que seja uma estadia agrad\u00e1vel para voc\u00ea que est\u00e1 aqui tirando esse tempo para ler.<br><\/p>\n\n\n\n<p id=\"block-18c5bd24-16a2-44a1-97c9-6c81c5d03ddb\" style=\"font-size:22px\"><strong>Os primeiros trabalhos<\/strong><\/p>\n\n\n\n<p id=\"block-11dbc758-deac-4155-8efc-16182a8dc115\"><br>Bem, acredito que o melhor \u00e9 come\u00e7ar pelas minhas primeira atividades remuneradas, mesmo n\u00e3o sendo de TI. Eu comecei a trabalhar muito novo. Minha m\u00e3e sempre foi aut\u00f4noma, e entre meus 8 e 10 anos, eu ajudava ela na feira. Ela viajava para cidades vizinhas nos dias de feira (s\u00e1bados e domingos) e eu acompanhava. Cidades vizinhas \u00e0 minha: Ipir\u00e1, Irara, Serrinha, etc.<br><br>Voc\u00ea j\u00e1 foi na feira, e viu aquele garoto do &#8220;olha o coentro, alface e cebolinhaaa&#8221;? Pronto, esse garoto podia bem ser eu. Mas eu vendia n\u00e3o somente coentro, alface e cebolinha, mas tamb\u00e9m redinhas de tomate, cebola, piment\u00e3o, cenoura e at\u00e9 pe\u00e7as de roupa como calcinhas e cuecas infantis. Foram 2 anos aproximadamente nessa vida de feirante, e somente paramos quando o caminh\u00e3o no qual viajavamos, tombou e morreram algumas pessoas. Acredito que Deus nos deu um grande livramento nesse dia, pois n\u00e3o fomos na viagem. Ap\u00f3s o ocorrido com o caminh\u00e3o que tombou, minha m\u00e3e resolveu mudar de ramo, e abriu junto do meu pai uma lavanderia (final de 1998 para inicio de 1999).<br><\/p>\n\n\n\n<p id=\"block-d72b7650-249a-42e5-82ae-c7815b3efa2d\" style=\"font-size:22px\"><strong>Meu primeiro &#8220;emprego<\/strong>&#8220;<\/p>\n\n\n\n<p id=\"block-9bbba1e0-49c0-448e-9e15-7cde192dcf29\"><br>A lavanderia foi meu primeiro emprego (n\u00e3o de carteira assinada) de verdade. Ao menos onde eu tinha hor\u00e1rio e fun\u00e7\u00e3o definida. Era remunerado e tamb\u00e9m cobrado. Nessa \u00e9poca eu tamb\u00e9m estava tendo meus primeiros contatos com computadores. E convenci meu pai a me colocar em um curso de inform\u00e1tica b\u00e1sico (1999), e tamb\u00e9m em um curso de <strong>manuten\u00e7\u00e3o de micros no SENAI<\/strong> (2000). Falei pra ele: &#8220;painho, vou ficar rico e te pago de volta&#8221;. Doce ilus\u00e3o de uma crian\u00e7a inocente.<br><br>Utilizei o conhecimento do curso de inform\u00e1tica b\u00e1sico, para criar <strong>planilhas do Excel<\/strong> e um &#8220;aplicativo&#8221; no <strong>Access<\/strong> para gerenciar a lavanderia. Compramos uma impressora <strong>EPSON LX-300 <\/strong>e come\u00e7amos a imprimir as notas de conferencia criadas no Access. Foi uma \u00f3tima experi\u00eancia para adquirir conhecimento e ganhar um trocado.<br><br>Ap\u00f3s concluir o curso de manuten\u00e7\u00e3o de micros do SENAI (2000), aos 12 anos, tentei conseguir alguns clientes para formatar os computadores. Na \u00e9poca era R$35,00 para formatar um computador e o sal\u00e1rio m\u00ednimo era R$180,00. Eu tinha a faca e o queijo na m\u00e3o. <strong>Mas n\u00e3o tinha comprador para pagar pelo queijo<\/strong>. <strong>Ningu\u00e9m<\/strong> queria dar um computador, que podia custar 3 sal\u00e1rios m\u00ednimos na m\u00e3o de uma <strong>crian\u00e7a de 12 anos<\/strong>.<br><br>Depois de passar por essa frusta\u00e7\u00e3o, de n\u00e3o conseguir trabalhos com meu conhecimento devido \u00e0 minha pouca idade, resolvi focar em estudar outras coisas. De dia eu estudava, e de noite entregava roupa na lavanderia. Foi a\u00ed que comecei a adquirir meu conhecimento com <strong>Linux<\/strong> e <strong>Webdesign<\/strong>. Foram noites e finais de semana enfurnado em <strong>f\u00f3runs <\/strong>e<strong>canais de IRC<\/strong>, aprendendo o que podia (nessa \u00e9poca s\u00f3 tinhamos internet discada, que era &#8220;barata&#8221; das 00:00 \u00e0s 06:00 durante a sermana, e das 14:00 do s\u00e1bado \u00e0s 06:00 da segunda-feira).<br><\/p>\n\n\n\n<p id=\"block-3e2fba7f-a8f6-480b-a1f6-ad93fe75d913\" style=\"font-size:22px\"><strong>Minha fase empreendedora<\/strong><\/p>\n\n\n\n<p id=\"block-3af5f48d-37ea-43c8-9ca2-d3790f49f584\"><br>Em 2003, com meus 15 anos, e com a lavanderia diminuindo o movimento (muitas outras abriram nessa \u00e9poca, for\u00e7ando o pre\u00e7o da lavagem por unidade a cair, al\u00e9m do pre\u00e7o dos produtos estarem aumentando cada vez mais) eu resolvi iniciar outra empreitada: <strong>coloquei meu computador na varanda de casa<\/strong> e comecei a cobrar para meu amigos (que n\u00e3o tinham computador na \u00e9poca) R$ 2,00 por hora para usar o computador. Como deu resultado, <strong>resolvi abrir uma lan house<\/strong>.<br><br><strong>Mas como abrir uma lan house sem investimento<\/strong>? A resposta foi: Come\u00e7a com o que tem. E assim comecei com uma m\u00e1quina, e todo dinheiro que entrava eu reinsvestia. E assim eu comprei o segundo computador com apenas 5 meses. Depois comprei outro com mais 4 meses. E assim fui seguindo. <strong>At\u00e9 que em 2008 eu tinha 18 computadores<\/strong>. J\u00e1 tinha reformado a lan house. Meu pai ja tinha fechado a lavanderia, e me ajudou a focar na lan house. J\u00e1 tinha feito bancadas, colocado ventiladores, etc. Computadores todos com placas de v\u00eddeo. Cheguei a tirar um dinheiro bom, equivalente a 3 sal\u00e1rios m\u00ednimos por m\u00eas.<br><br>Em 2008, quando enfim minha lan house estava completa, e seria a hora de colher o lucro: <strong>o movimento come\u00e7ou a cair<\/strong>. Em 2008, os computadores e a internet ja eram muito acess\u00edveis. Todo mundo tinha internet e computador em casa aqui na minha rua. A lan house que vivia cheia, passou a ter apenas 4 ou 5 clientes simultaneos. A hora caiu o valor devido a <strong>concorr\u00eancia<\/strong> (muitas abriram perto de mim). E ficou invi\u00e1vel continuar atualizando as placas de v\u00eddeo para os jogos mais modernos.<strong>Enfim, em 2010, fechei a lan house.<\/strong><br><\/p>\n\n\n\n<p id=\"block-f1b9e9a5-8734-4df4-ae5e-fe8f556b2369\" style=\"font-size:22px\"><strong>Meu primeiro (agora sim) emprego<\/strong><\/p>\n\n\n\n<p id=\"block-a663fb80-e1f3-4af5-997f-de859deefeda\"><br>Ap\u00f3s essa experi\u00eancia com a lan house, eu me revoltei e pensei &#8220;<strong>Empreender n\u00e3o \u00e9 pra mim n\u00e3o. Vou arrumar um emprego, que na empresa o patr\u00e3o \u00e9 quem se esquenta<\/strong>&#8220;. <strong>Doce ilus\u00e3o<\/strong>.<br><br>Em 2011, com 23 anos, ap\u00f3s colocar alguns curr\u00edculos, encontrei meu primeiro emprego de carteira assinada. Uma vaga para <strong>Auxiliar de CPD<\/strong>, numa <strong>Atacadista de Alimentos <\/strong>da cidade. A principio, era pra trabalhar nessa atacadista, mas ai descobri que eram duas lojas. Um atacado e um varejo (supermercado), do outro lado da rua. E em poucos meses escalonou para uma terceira loja. Pois bem, nunca tive medo de trabalhar ent\u00e3o bora botar a m\u00e3o na massa n\u00e9?<br><br><strong>E foi realmente botar a m\u00e3o na massa<\/strong>. Foi meu primeiro emprego de carteira assinada, trabalhando para uma empresa, colocando meu conhecimento te\u00f3rico em pr\u00e1tica (tinha muito pouca pr\u00e1tica), e suando muito para aprender <strong>pois eu era um Auxiliar de CPD que n\u00e3o tinha a quem responder. Eu era a base e o chefe ao mesmo tempo, fazia da formata\u00e7\u00e3o a gest\u00e3o de contrato<\/strong>s.<br><br><strong>Tive que aprender tudo sozinho<\/strong>, <strong>em produ\u00e7\u00e3o<\/strong>, por que eu era a \u00fanica pessoa que entendia de TI na empresa. Eram cerca de 99 computadores, tinham cerca de 20 pontos de venda (caixas e balc\u00f5es de atacado), impressoras fiscais, n\u00e3o-fiscais, etiquetadoras, balan\u00e7as integradas ao sistema e leitores de c\u00f3digo espalhados pela loja, centrais telef\u00f4nicas, sistema de som da loja, sistema de monitoramente de cameras, sistema de ponto, tinha um ERP, tinha um sistema \u00e0 parte de Escrita Fiscal e Folha de Pagamento. Foi muito pesado, mas tamb\u00e9m me fez evoluir absurdamente como profissional.<br><br>Eu implantei um <strong>GLPI<\/strong>, eu implantei um <strong>proxy (Winconnetion)<\/strong>, eu implantei um sistema de <strong>TEF (Pay&amp;Go<\/strong>), eu aprendi a mexer com <strong>centrais telefonicas Leucotron<\/strong>, aprendi <strong>Windows Server<\/strong>. Meu sal\u00e1rio aumentou duas vezes em dois anos, chegando a dobrar. Foi gratificante demais poder aprender tanto. <strong>Por\u00e9m em 2013 a empresa fechou<\/strong>, por problemas de gest\u00e3o.<br><\/p>\n\n\n\n<p id=\"block-99538851-5146-47da-87b8-e35187f6bba1\" style=\"font-size:22px\"><strong>Minha segunda fase empreendedora<\/strong><\/p>\n\n\n\n<p id=\"block-a77f324b-31b4-4d4f-9b86-f10035c16af3\"><br>Ap\u00f3s a empresa em que trabalhava fechar em 2013, resolvi alugar um box no Feiraguai, um shopping pupular aqui da cidade, e montar uma lanchonete. O que \u00e9 inclusive uma curiosidade sobre mim: <strong>adoro cozinhar<\/strong>!<br><br>Mais uma vez, ouvi o chamado do empreendedorismo, e me afastei da \u00e1rea de TI. Foi at\u00e9 uma fase boa. Gerenciei bem minha lanchonete, fiz um bom dinheirinho, cerca de 2 a 3 sal\u00e1rios m\u00ednimos por m\u00eas, mais do que no emprego que estava. Mas como nem tudo s\u00e3o flores: em 2015, veio a crise do governo da \u00e9poca, e muito com\u00e9rcios come\u00e7aram a fechar.<br><br>Meu movimento caiu 2\/3, passando a ganhar aproximadamente 1 sal\u00e1rio m\u00ednimo por m\u00eas. Fui for\u00e7ado a fechar as portas novamente em janeiro de 2016. Mais uma vez, repeti aquele mantra: &#8220;<strong>Empreender n\u00e3o \u00e9 pra mim n\u00e3o. Vou arrumar um emprego, que na empresa o patr\u00e3o \u00e9 quem se esquenta<\/strong>&#8220;.<br><\/p>\n\n\n\n<p id=\"block-b9574496-2d4f-4bbd-8a36-612f6514b60c\" style=\"font-size:22px\"><strong>Meu segundo emprego<\/strong><\/p>\n\n\n\n<p id=\"block-7751f23e-becc-4bc4-bdbd-e50e6ba54d68\"><br>Ap\u00f3s essa segunda decep\u00e7\u00e3o, com 3 meses, encontrei um novo emprego. Dessa vez uma vaga para <strong>Encarregado de TI<\/strong>, num grupo de <strong>concession\u00e1rias de ve\u00edculos<\/strong> aqui do estado.<br><br><strong>Mais uma vez, foi colocado em pr\u00e1tica a minha capacidade de aprendizado e gest\u00e3o<\/strong>. Eu fui &#8220;jogado&#8221; dentro de uma opera\u00e7\u00e3o (<strong>9 concession\u00e1rias no total<\/strong>, sendo 4 Toyota, 3 Nissan, 1 Peugeout e 1 de ve\u00edculos Seminovos) totalmente nova e desconhecida, <strong>sem base de conhecimento<\/strong>, sem superiores (Eu tinha um Gerente de TI que ficava na Matriz, em outra cidade, mas que eu tinha pouco contato, mesmo no meu per\u00edodo inicial de 30 dias, e que na primeira dificuldade que tive, me disse a seguinte frase ao procur\u00e1-lo: &#8220;Edu eu te pago pra me trazer solu\u00e7\u00e3o, n\u00e3o problema&#8221;). <strong>Pensei em desistir no primeiro m\u00eas, mas coloquei a cabe\u00e7a no lugar e minha capacidade de ser resiliente.<\/strong><br><br><strong>Aos poucos destrinchei todos os processos<\/strong> que envolvem as concession\u00e1rias de ve\u00edculos. Aprendi a utilizar, dar <strong>suporte e parametriza dois sistemas DMS <\/strong>(Sistemas de Gest\u00e3o de Concession\u00e1rias). Aprendi processos relacionados a <strong>integra\u00e7\u00e3o de dados com montadoras<\/strong> (no Brasil e Exterior). Executar atualiza\u00e7\u00f5es nos sistemas que rodavam em <strong>Linux<\/strong>. Excutar rotinas de <strong>banco de dados Informix<\/strong>. Integra\u00e7\u00e3o das nossas Filiais via <strong>Mikrotik e VPN IP Sec<\/strong>. Aprendi a parametrizar sistemas de <strong>CRM<\/strong>. Dar manuten\u00e7\u00e3o e atualizar<strong>equipamentos de diagn\u00f3stico e m\u00e1quinas de alinhamento de pneus 3D da Bosch<\/strong>. Equipamento de ponto. Dentre muitas outras atividades. <strong>Foi enriquecedor<\/strong>, <strong>aprendi muito<\/strong>. Aprendi a lidar mais com <strong>pessoas<\/strong>, afinal, eu era o respons\u00e1vel por um parque de aproximadamente 250 m\u00e1quinas e cerca de 300 funcion\u00e1rios. E poucos meses pr\u00f3ximo \u00e0 minha saida da empresa, consegui contratar dois estagi\u00e1rios e era respons\u00e1vel agora pela gest\u00e3o dessa equipe tamb\u00e9m.<br><br>Os demais tipos de atividades os quais eu realizei podem ser conferidas mais a fundo no meu <strong>LinkedIn<\/strong> ou no meu <strong>Curr\u00edculo<\/strong>. Em 2019, solicitei desligamento do grupo.<br><\/p>\n\n\n\n<p id=\"block-873d5ea7-bc02-447b-b503-c29aab16f153\" style=\"font-size:22px\"><strong>Meu terceiro emprego (e atual)<\/strong><\/p>\n\n\n\n<p id=\"block-f7d85bdf-6c13-4bf4-a0bd-2246ceb93450\"><br>Ap\u00f3s meu pedido de desligamento em 2019, coloquei o curr\u00edculo em algumas empresas. Duas delas me chamaram para entrevistas. Sendo que optei pela segunda pois se tratava de um Call Center. E mesmo sendo uma vaga inferior a que eu trabalhava, com sal\u00e1rio menor, para mim, parecia muito atrativo, pois se tratava de um ramo com o qual eu nunca havia trabalhado antes. Era oportunidade de aprender algo novo pra alimentar meu curr\u00edculo. Fiz a entrevista e fui selecionado para a vaga de <strong>Tecnico de Suporte em TI<\/strong>.<br><br>Comecei a trabalhar ent\u00e3o com suporte ao usu\u00e1rio nas operac\u00f5es da <strong>Claro, Tim, Net e Anvisa<\/strong>. Eram cerca 1300 computadores e 2500 funcion\u00e1rios. Foi aqui onde adquiri bastante conhecimento em redes e diversas ferramentas (uma boa parte de infra): <strong>Zabbix, Nagios, pFsense, Squid, Servidores Linux, Servidores Windows, GLPI, Active Directory<\/strong> (gest\u00e3o de usu\u00e1rios, GPOs, Compartilhamentos, Triagem de arquivos, Gerenciamento de Cota, Servidor DHCP, DNS, scripts para automatiza\u00e7\u00e3o de tarefas, etc), <strong>elaborei uma Base de Conhecimento<\/strong> (em WordPress), <strong>Gest\u00e3o de Recursos e Documenta\u00e7\u00e3o de VMs<\/strong>, dentre outras coisas.<br><br>Ap\u00f3s 2 anos e um atendimento de excel\u00eancia e dedica\u00e7\u00e3o, <strong>fui promovido \u00e0 Analista de Suporte<\/strong> e pude dar continuidade ao meu trabalho. Implantamos novas opera\u00e7\u00f5es: <strong>Banco Mercantil<\/strong>, <strong>ENEL<\/strong> <strong>RJ, CE e SP<\/strong>, <strong>Esta\u00e7\u00e3o 1<\/strong> <strong>Construtora<\/strong>, <strong>CEMIG<\/strong>, e outras. <br><br><strong>Em Dezembro de 2025 fui promovido a Supervisor de TI Interino<\/strong>.<br><br>E \u00e9 isso. Esse \u00e9 ponto atual da minha hist\u00f3ria profissional, a qual estou escrevendo aos poucos, com minhas a\u00e7\u00f5es e com as oportunidades que v\u00e3o surgindo.<br><br>Atualmente eu curso <strong>Seguran\u00e7a da Informa\u00e7\u00e3o na Faculdade Gran<\/strong>, fiz alguns cursos de Cloud Computing, Seguran\u00e7a, etc (<strong>Programa AWS re\/Start Intermediate na Escola da Nuvem, Certifica\u00e7\u00e3o Oracle Cloud Infrastructure Foundations Associate na Oracle University, Azure Security, Compliance and Identity Fundamentals (SC-900), Microsoft Azure Fundamentals (AZ-900) na Ka Solution<\/strong>, dentre outros que voc\u00ea pode conferir no meu LinkedIn ou Curr\u00edculo).<br><br>Meu foco de estudos atualmente \u00e9 Nuvem e Seguran\u00e7a. Estou sempre realizando cursos e procurando certifica\u00e7\u00f5es nessas \u00e1reas. Mas me considero &#8220;pau pra toda obra&#8221;. O que surgir de oportunidade eu estou abra\u00e7ando!<\/p>\n","protected":false},"excerpt":{"rendered":"<p>Ol\u00e1. Me chamo Luiz Eduardo. Seja bem vindo ao meu website (me senti bem anos 90-2000). Pretendo utilizar esse espa\u00e7o como um curr\u00edculo online. Aqui posso contar um pouco das minhas experi\u00eancias profissionais, dos meus estudos, dos meus projetos e conquistas, etc. Espero que seja uma estadia agrad\u00e1vel para voc\u00ea que est\u00e1 aqui tirando esse [&hellip;]<\/p>\n","protected":false},"author":1,"featured_media":0,"parent":0,"menu_order":0,"comment_status":"closed","ping_status":"closed","template":"","meta":{"footnotes":""},"class_list":["post-191","page","type-page","status-publish","hentry"],"_hostinger_reach_plugin_has_subscription_block":false,"_hostinger_reach_plugin_is_elementor":false,"_links":{"self":[{"href":"https:\/\/eduardomarques.eti.br\/site\/wp-json\/wp\/v2\/pages\/191","targetHints":{"allow":["GET"]}}],"collection":[{"href":"https:\/\/eduardomarques.eti.br\/site\/wp-json\/wp\/v2\/pages"}],"about":[{"href":"https:\/\/eduardomarques.eti.br\/site\/wp-json\/wp\/v2\/types\/page"}],"author":[{"embeddable":true,"href":"https:\/\/eduardomarques.eti.br\/site\/wp-json\/wp\/v2\/users\/1"}],"replies":[{"embeddable":true,"href":"https:\/\/eduardomarques.eti.br\/site\/wp-json\/wp\/v2\/comments?post=191"}],"version-history":[{"count":8,"href":"https:\/\/eduardomarques.eti.br\/site\/wp-json\/wp\/v2\/pages\/191\/revisions"}],"predecessor-version":[{"id":204,"href":"https:\/\/eduardomarques.eti.br\/site\/wp-json\/wp\/v2\/pages\/191\/revisions\/204"}],"wp:attachment":[{"href":"https:\/\/eduardomarques.eti.br\/site\/wp-json\/wp\/v2\/media?parent=191"}],"curies":[{"name":"wp","href":"https:\/\/api.w.org\/{rel}","templated":true}]}}